{"id":4,"date":"2015-05-01T20:29:18","date_gmt":"2015-05-01T18:29:18","guid":{"rendered":"http:\/\/www.sbs-kirchberg.de\/?page_id=4"},"modified":"2025-10-20T19:38:34","modified_gmt":"2025-10-20T17:38:34","slug":"startseite","status":"publish","type":"page","link":"https:\/\/www.sbs-kirchberg.de\/","title":{"rendered":"Startseite"},"content":{"rendered":"\n<p class=\"has-text-align-center wp-block-heading has-medium-font-size\"><span style=\"color: #333333;\">Herzlich willkommen bei den <\/span><span style=\"color: #333333;\">Schellenbergsch\u00fctzen Kirchberg<\/span><\/p>\n\n\n\n<div class=\"wp-block-group\"><div class=\"wp-block-group__inner-container is-layout-constrained wp-block-group-is-layout-constrained\">\n<p class=\"has-white-color has-text-color has-link-color wp-elements-7440693a8e60181439c75a63d8d8c1a1\">.<\/p>\n\n\n\n<p class=\"has-text-align-center\"><\/p>\n\n\n\n<p class=\"has-white-color has-text-color has-link-color wp-elements-7440693a8e60181439c75a63d8d8c1a1\">.<\/p>\n\n\n\n<p><\/p>\n<\/div><\/div>\n\n\n\n<div class=\"wp-block-group has-black-color has-text-color has-link-color wp-elements-c43c2ebfdd9047c29bdbce1caad30122\"><div class=\"wp-block-group__inner-container is-layout-constrained wp-block-group-is-layout-constrained\">\n<div class=\"wp-block-group\"><div class=\"wp-block-group__inner-container is-layout-constrained wp-block-group-is-layout-constrained\">\n<p class=\"has-text-align-center has-black-color has-text-color has-link-color has-medium-font-size wp-elements-c351b1a1ed80c36e7436c34e8403eb8c\">Nach 16 Schie\u00dftagen ist das 73. Gauschiessen beendet. <\/p>\n<\/div><\/div>\n\n\n\n<p class=\"has-text-align-center has-black-color has-text-color has-link-color has-medium-font-size wp-elements-0c2fff255929e63051f3d8e021ca439b\">Vielen Dank an alle Teilnehmer, Sponsoren und an unser Team, die diese gro\u00dfartige Veranstaltung m\u00f6glich gemacht haben. <\/p>\n<\/div><\/div>\n\n\n\n<h6 class=\"wp-block-heading has-white-color has-text-color has-medium-font-size\">.<\/h6>\n\n\n\n<p class=\"has-text-align-center has-black-color has-text-color has-link-color has-medium-font-size wp-elements-092e1de96853f479a59d143a5726805f\">Hier geht es zu den Endergebnissen<\/p>\n\n\n<div class=\"wp-block-image\">\n<figure class=\"aligncenter size-full is-resized\"><a href=\"https:\/\/www.sbs-kirchberg.de\/?page_id=11\"><img loading=\"lazy\" decoding=\"async\" width=\"233\" height=\"309\" src=\"https:\/\/www.sbs-kirchberg.de\/wp-content\/uploads\/2025\/09\/Ausschreibung-mini.png\" alt=\"\" class=\"wp-image-475\" style=\"width:132px;height:auto\" srcset=\"https:\/\/www.sbs-kirchberg.de\/wp-content\/uploads\/2025\/09\/Ausschreibung-mini.png 233w, https:\/\/www.sbs-kirchberg.de\/wp-content\/uploads\/2025\/09\/Ausschreibung-mini-226x300.png 226w\" sizes=\"auto, (max-width: 233px) 100vw, 233px\" \/><\/a><\/figure><\/div>\n\n\n<p><a href=\"https:\/\/www.sbs-kirchberg.de\/wp-admin\/edit.php?post_type=page\"><\/a><\/p>\n\n\n\n<p><\/p>\n","protected":false},"excerpt":{"rendered":"<p>Herzlich willkommen bei den Schellenbergsch\u00fctzen Kirchberg . . Nach 16 Schie\u00dftagen ist das 73. Gauschiessen beendet. Vielen Dank an alle Teilnehmer, Sponsoren und an unser Team, die diese gro\u00dfartige Veranstaltung m\u00f6glich gemacht haben. . Hier geht es zu den Endergebnissen<\/p>\n","protected":false},"author":2,"featured_media":0,"parent":0,"menu_order":0,"comment_status":"closed","ping_status":"closed","template":"","meta":{"ngg_post_thumbnail":0,"footnotes":""},"class_list":["post-4","page","type-page","status-publish","hentry"],"_links":{"self":[{"href":"https:\/\/www.sbs-kirchberg.de\/index.php?rest_route=\/wp\/v2\/pages\/4","targetHints":{"allow":["GET"]}}],"collection":[{"href":"https:\/\/www.sbs-kirchberg.de\/index.php?rest_route=\/wp\/v2\/pages"}],"about":[{"href":"https:\/\/www.sbs-kirchberg.de\/index.php?rest_route=\/wp\/v2\/types\/page"}],"author":[{"embeddable":true,"href":"https:\/\/www.sbs-kirchberg.de\/index.php?rest_route=\/wp\/v2\/users\/2"}],"replies":[{"embeddable":true,"href":"https:\/\/www.sbs-kirchberg.de\/index.php?rest_route=%2Fwp%2Fv2%2Fcomments&post=4"}],"version-history":[{"count":49,"href":"https:\/\/www.sbs-kirchberg.de\/index.php?rest_route=\/wp\/v2\/pages\/4\/revisions"}],"predecessor-version":[{"id":682,"href":"https:\/\/www.sbs-kirchberg.de\/index.php?rest_route=\/wp\/v2\/pages\/4\/revisions\/682"}],"wp:attachment":[{"href":"https:\/\/www.sbs-kirchberg.de\/index.php?rest_route=%2Fwp%2Fv2%2Fmedia&parent=4"}],"curies":[{"name":"wp","href":"https:\/\/api.w.org\/{rel}","templated":true}]}}