{"id":36,"date":"2015-05-01T23:40:01","date_gmt":"2015-05-01T21:40:01","guid":{"rendered":"http:\/\/www.sbs-kirchberg.de\/?page_id=36"},"modified":"2023-08-26T10:01:40","modified_gmt":"2023-08-26T08:01:40","slug":"vorstandschaft","status":"publish","type":"page","link":"https:\/\/www.sbs-kirchberg.de\/?page_id=36","title":{"rendered":"Vorstandschaft"},"content":{"rendered":"\n<p><\/p>\n\n\n\n<p><\/p>\n\n\n\n<p><strong>1. Sch\u00fctzenmeister<\/strong> &nbsp;    Thomas Winkler <\/p>\n\n\n\n<p><strong>2. Sch\u00fctzenmeisterin<\/strong>  Stephanie Klampfer <\/p>\n\n\n\n<p><strong>Kassier &nbsp;  <\/strong>                     Martin Eder <\/p>\n\n\n\n<p><strong>Schriftf\u00fchrer &nbsp; <\/strong>             Manfred Madl <\/p>\n\n\n\n<p><strong>Jugendleiter   <\/strong>            &nbsp;Herbert Brumbauer<\/p>\n\n\n\n<p><strong>Sportleiterin &nbsp;    <\/strong>          Stephanie Klampfer &nbsp; &nbsp; <\/p>\n\n\n\n<p><strong>Beisitzer: &nbsp;  <\/strong><\/p>\n\n\n\n<p>Herbert F\u00fchrer             Ludwig Huber <\/p>\n\n\n\n<p>Herbert Ziegleder        Fabian Madl <\/p>\n\n\n\n<p>Andreas Ziegleder       Florian Steiner<\/p>\n\n\n\n<p>Leon Maier \u00a0<\/p>\n","protected":false},"excerpt":{"rendered":"<p>1. Sch\u00fctzenmeister &nbsp; Thomas Winkler 2. Sch\u00fctzenmeisterin Stephanie Klampfer Kassier &nbsp; Martin Eder Schriftf\u00fchrer &nbsp; Manfred Madl Jugendleiter &nbsp;Herbert Brumbauer Sportleiterin &nbsp; Stephanie Klampfer &nbsp; &nbsp; Beisitzer: &nbsp; Herbert F\u00fchrer Ludwig Huber Herbert Ziegleder Fabian Madl Andreas Ziegleder Florian Steiner Leon Maier \u00a0<\/p>\n","protected":false},"author":2,"featured_media":0,"parent":0,"menu_order":0,"comment_status":"closed","ping_status":"closed","template":"","meta":{"ngg_post_thumbnail":0,"footnotes":""},"class_list":["post-36","page","type-page","status-publish","hentry"],"_links":{"self":[{"href":"https:\/\/www.sbs-kirchberg.de\/index.php?rest_route=\/wp\/v2\/pages\/36","targetHints":{"allow":["GET"]}}],"collection":[{"href":"https:\/\/www.sbs-kirchberg.de\/index.php?rest_route=\/wp\/v2\/pages"}],"about":[{"href":"https:\/\/www.sbs-kirchberg.de\/index.php?rest_route=\/wp\/v2\/types\/page"}],"author":[{"embeddable":true,"href":"https:\/\/www.sbs-kirchberg.de\/index.php?rest_route=\/wp\/v2\/users\/2"}],"replies":[{"embeddable":true,"href":"https:\/\/www.sbs-kirchberg.de\/index.php?rest_route=%2Fwp%2Fv2%2Fcomments&post=36"}],"version-history":[{"count":5,"href":"https:\/\/www.sbs-kirchberg.de\/index.php?rest_route=\/wp\/v2\/pages\/36\/revisions"}],"predecessor-version":[{"id":369,"href":"https:\/\/www.sbs-kirchberg.de\/index.php?rest_route=\/wp\/v2\/pages\/36\/revisions\/369"}],"wp:attachment":[{"href":"https:\/\/www.sbs-kirchberg.de\/index.php?rest_route=%2Fwp%2Fv2%2Fmedia&parent=36"}],"curies":[{"name":"wp","href":"https:\/\/api.w.org\/{rel}","templated":true}]}}