{"id":11,"date":"2015-05-01T22:35:38","date_gmt":"2015-05-01T20:35:38","guid":{"rendered":"http:\/\/www.sbs-kirchberg.de\/?page_id=11"},"modified":"2025-10-29T12:03:39","modified_gmt":"2025-10-29T11:03:39","slug":"kalender","status":"publish","type":"page","link":"https:\/\/www.sbs-kirchberg.de\/?page_id=11","title":{"rendered":"Gauschiessen 2025"},"content":{"rendered":"\n<div class=\"wp-block-columns is-layout-flex wp-container-core-columns-is-layout-9d6595d7 wp-block-columns-is-layout-flex\">\n<div class=\"wp-block-column is-layout-flow wp-block-column-is-layout-flow\" style=\"flex-basis:66.66%\">\n<h2 class=\"wp-block-heading\">Nach 16 langen Schie\u00dftagen hier die finalen Ergebnisse:<\/h2>\n\n\n\n<p><a href=\"https:\/\/www.sbs-kirchberg.de\/wp-content\/uploads\/2025\/10\/Testdruck.pdf\" data-type=\"attachment\" data-id=\"705\">Gesamte Ergebnisliste<\/a> <\/p>\n\n\n\n<p><a href=\"https:\/\/www.sbs-kirchberg.de\/wp-content\/uploads\/2025\/10\/Fest-final.pdf\" data-type=\"attachment\" data-id=\"697\">Fest<\/a><\/p>\n\n\n\n<p><a href=\"https:\/\/www.sbs-kirchberg.de\/wp-content\/uploads\/2025\/10\/Meister-Schueler-final.pdf\" data-type=\"attachment\" data-id=\"695\">Meister Sch\u00fcler<\/a><\/p>\n\n\n\n<p><a href=\"https:\/\/www.sbs-kirchberg.de\/wp-content\/uploads\/2025\/10\/Meister-Jugend-final.pdf\" data-type=\"attachment\" data-id=\"693\">Meister Jugend<\/a><\/p>\n\n\n\n<p><a href=\"https:\/\/www.sbs-kirchberg.de\/wp-content\/uploads\/2025\/10\/Meister-Schuetzenklasse-final.pdf\" data-type=\"attachment\" data-id=\"696\">Meister Sch\u00fctzenklasse<\/a><\/p>\n\n\n\n<p><a href=\"https:\/\/www.sbs-kirchberg.de\/wp-content\/uploads\/2025\/10\/Meister-Altersklasse-final.pdf\" data-type=\"attachment\" data-id=\"691\">Meister Seniorenklasse \/ Altersklasse<\/a><\/p>\n\n\n\n<p><a href=\"https:\/\/www.sbs-kirchberg.de\/wp-content\/uploads\/2025\/10\/Meister-LP-final.pdf\" data-type=\"attachment\" data-id=\"694\">Meister LP<\/a><\/p>\n\n\n\n<p><a href=\"https:\/\/www.sbs-kirchberg.de\/wp-content\/uploads\/2025\/10\/Meister-Auflage-final.pdf\" data-type=\"attachment\" data-id=\"692\">Meister Auflage<\/a><\/p>\n\n\n\n<p><a href=\"https:\/\/www.sbs-kirchberg.de\/wp-content\/uploads\/2025\/10\/Mannschaft-final.pdf\" data-type=\"attachment\" data-id=\"698\">Mannschaftswertung<\/a><\/p>\n\n\n\n<p><a href=\"https:\/\/www.sbs-kirchberg.de\/wp-content\/uploads\/2025\/10\/Meistbeteiligung-final.pdf\" data-type=\"attachment\" data-id=\"703\">Meistbeteiligung<\/a><\/p>\n\n\n\n<p><a href=\"https:\/\/www.sbs-kirchberg.de\/wp-content\/uploads\/2025\/10\/Gaukoenig-2025.pdf\" data-type=\"attachment\" data-id=\"707\">Gauk\u00f6nig<\/a><\/p>\n\n\n\n<p class=\"has-white-color has-text-color has-link-color wp-elements-7e4ac651328708ea719ac0894fa30934\">.<\/p>\n\n\n\n<p><\/p>\n\n\n\n<p class=\"has-black-color has-text-color has-link-color has-medium-font-size wp-elements-0ee85cd1b9ce002c58c0c412510e8da1\" style=\"font-style:normal;font-weight:600\"><strong>Eine kleine \u00dcbersicht \u00fcber unsere Preise<\/strong><\/p>\n\n\n\n<div class=\"wp-block-columns is-layout-flex wp-container-core-columns-is-layout-9d6595d7 wp-block-columns-is-layout-flex\">\n<div class=\"wp-block-column is-layout-flow wp-block-column-is-layout-flow\">\n<figure class=\"wp-block-image size-large is-style-rounded\"><a href=\"https:\/\/www.sbs-kirchberg.de\/wp-content\/uploads\/2025\/10\/Preise-2.jpeg\" target=\"_blank\" rel=\" noreferrer noopener\"><img loading=\"lazy\" decoding=\"async\" width=\"1024\" height=\"738\" src=\"https:\/\/www.sbs-kirchberg.de\/wp-content\/uploads\/2025\/10\/Preise-2-1024x738.jpeg\" alt=\"\" class=\"wp-image-575\" srcset=\"https:\/\/www.sbs-kirchberg.de\/wp-content\/uploads\/2025\/10\/Preise-2-1024x738.jpeg 1024w, https:\/\/www.sbs-kirchberg.de\/wp-content\/uploads\/2025\/10\/Preise-2-300x216.jpeg 300w, https:\/\/www.sbs-kirchberg.de\/wp-content\/uploads\/2025\/10\/Preise-2-768x553.jpeg 768w, https:\/\/www.sbs-kirchberg.de\/wp-content\/uploads\/2025\/10\/Preise-2-1536x1107.jpeg 1536w, https:\/\/www.sbs-kirchberg.de\/wp-content\/uploads\/2025\/10\/Preise-2.jpeg 1983w\" sizes=\"auto, (max-width: 1024px) 100vw, 1024px\" \/><\/a><\/figure>\n<\/div>\n\n\n\n<div class=\"wp-block-column is-layout-flow wp-block-column-is-layout-flow\">\n<figure class=\"wp-block-gallery has-nested-images columns-default is-cropped wp-block-gallery-1 is-layout-flex wp-block-gallery-is-layout-flex\">\n<figure class=\"wp-block-image size-large is-style-rounded\"><a href=\"https:\/\/www.sbs-kirchberg.de\/wp-content\/uploads\/2025\/10\/Preise-5.jpeg\" target=\"_blank\" rel=\" noreferrer noopener\"><img loading=\"lazy\" decoding=\"async\" width=\"1024\" height=\"768\" data-id=\"578\" src=\"https:\/\/www.sbs-kirchberg.de\/wp-content\/uploads\/2025\/10\/Preise-5-1024x768.jpeg\" alt=\"\" class=\"wp-image-578\" srcset=\"https:\/\/www.sbs-kirchberg.de\/wp-content\/uploads\/2025\/10\/Preise-5-1024x768.jpeg 1024w, https:\/\/www.sbs-kirchberg.de\/wp-content\/uploads\/2025\/10\/Preise-5-300x225.jpeg 300w, https:\/\/www.sbs-kirchberg.de\/wp-content\/uploads\/2025\/10\/Preise-5-768x576.jpeg 768w, https:\/\/www.sbs-kirchberg.de\/wp-content\/uploads\/2025\/10\/Preise-5-1536x1152.jpeg 1536w, https:\/\/www.sbs-kirchberg.de\/wp-content\/uploads\/2025\/10\/Preise-5.jpeg 2016w\" sizes=\"auto, (max-width: 1024px) 100vw, 1024px\" \/><\/a><\/figure>\n<\/figure>\n<\/div>\n\n\n\n<div class=\"wp-block-column is-layout-flow wp-block-column-is-layout-flow\">\n<figure class=\"wp-block-image size-large is-style-rounded\"><a href=\"https:\/\/www.sbs-kirchberg.de\/wp-content\/uploads\/2025\/10\/Preise-3.jpeg\" target=\"_blank\" rel=\" noreferrer noopener\"><img loading=\"lazy\" decoding=\"async\" width=\"1024\" height=\"647\" src=\"https:\/\/www.sbs-kirchberg.de\/wp-content\/uploads\/2025\/10\/Preise-3-1024x647.jpeg\" alt=\"\" class=\"wp-image-576\" srcset=\"https:\/\/www.sbs-kirchberg.de\/wp-content\/uploads\/2025\/10\/Preise-3-1024x647.jpeg 1024w, https:\/\/www.sbs-kirchberg.de\/wp-content\/uploads\/2025\/10\/Preise-3-300x190.jpeg 300w, https:\/\/www.sbs-kirchberg.de\/wp-content\/uploads\/2025\/10\/Preise-3-768x485.jpeg 768w, https:\/\/www.sbs-kirchberg.de\/wp-content\/uploads\/2025\/10\/Preise-3-1536x971.jpeg 1536w, https:\/\/www.sbs-kirchberg.de\/wp-content\/uploads\/2025\/10\/Preise-3.jpeg 1995w\" sizes=\"auto, (max-width: 1024px) 100vw, 1024px\" \/><\/a><\/figure>\n<\/div>\n<\/div>\n\n\n\n<p class=\"has-white-color has-text-color has-link-color wp-elements-7e4ac651328708ea719ac0894fa30934\">.<\/p>\n\n\n\n<div class=\"wp-block-columns is-layout-flex wp-container-core-columns-is-layout-9d6595d7 wp-block-columns-is-layout-flex\">\n<div class=\"wp-block-column is-layout-flow wp-block-column-is-layout-flow\">\n<p class=\"has-medium-font-size\"><mark style=\"background-color:rgba(0, 0, 0, 0)\" class=\"has-inline-color has-black-color\"><strong>Hier gehts zur Ausschreibung<\/strong><\/mark><\/p>\n\n\n\n<figure class=\"wp-block-image size-full\"><a href=\"https:\/\/www.sbs-kirchberg.de\/wp-content\/uploads\/2025\/09\/73.-Gauschiessen-2025-6-Seiten-DIN-A4-hoch-Wickelfalz-Einzelseiten.pdf\" target=\"_blank\" rel=\" noreferrer noopener\"><img loading=\"lazy\" decoding=\"async\" width=\"233\" height=\"309\" src=\"https:\/\/www.sbs-kirchberg.de\/wp-content\/uploads\/2025\/09\/Ausschreibung-mini.png\" alt=\"\" class=\"wp-image-475\" srcset=\"https:\/\/www.sbs-kirchberg.de\/wp-content\/uploads\/2025\/09\/Ausschreibung-mini.png 233w, https:\/\/www.sbs-kirchberg.de\/wp-content\/uploads\/2025\/09\/Ausschreibung-mini-226x300.png 226w\" sizes=\"auto, (max-width: 233px) 100vw, 233px\" \/><\/a><\/figure>\n<\/div>\n<\/div>\n<\/div>\n\n\n\n<div class=\"wp-block-column is-layout-flow wp-block-column-is-layout-flow\" style=\"flex-basis:33.33%\"><\/div>\n<\/div>\n\n\n\n<p><\/p>\n","protected":false},"excerpt":{"rendered":"<p>Nach 16 langen Schie\u00dftagen hier die finalen Ergebnisse: Gesamte Ergebnisliste Fest Meister Sch\u00fcler Meister Jugend Meister Sch\u00fctzenklasse Meister Seniorenklasse \/ Altersklasse Meister LP Meister Auflage Mannschaftswertung Meistbeteiligung Gauk\u00f6nig . Eine kleine \u00dcbersicht \u00fcber unsere Preise . Hier gehts zur Ausschreibung<\/p>\n","protected":false},"author":2,"featured_media":0,"parent":0,"menu_order":0,"comment_status":"closed","ping_status":"closed","template":"","meta":{"ngg_post_thumbnail":0,"footnotes":""},"class_list":["post-11","page","type-page","status-publish","hentry"],"_links":{"self":[{"href":"https:\/\/www.sbs-kirchberg.de\/index.php?rest_route=\/wp\/v2\/pages\/11","targetHints":{"allow":["GET"]}}],"collection":[{"href":"https:\/\/www.sbs-kirchberg.de\/index.php?rest_route=\/wp\/v2\/pages"}],"about":[{"href":"https:\/\/www.sbs-kirchberg.de\/index.php?rest_route=\/wp\/v2\/types\/page"}],"author":[{"embeddable":true,"href":"https:\/\/www.sbs-kirchberg.de\/index.php?rest_route=\/wp\/v2\/users\/2"}],"replies":[{"embeddable":true,"href":"https:\/\/www.sbs-kirchberg.de\/index.php?rest_route=%2Fwp%2Fv2%2Fcomments&post=11"}],"version-history":[{"count":36,"href":"https:\/\/www.sbs-kirchberg.de\/index.php?rest_route=\/wp\/v2\/pages\/11\/revisions"}],"predecessor-version":[{"id":709,"href":"https:\/\/www.sbs-kirchberg.de\/index.php?rest_route=\/wp\/v2\/pages\/11\/revisions\/709"}],"wp:attachment":[{"href":"https:\/\/www.sbs-kirchberg.de\/index.php?rest_route=%2Fwp%2Fv2%2Fmedia&parent=11"}],"curies":[{"name":"wp","href":"https:\/\/api.w.org\/{rel}","templated":true}]}}